{"id":3326,"date":"2025-06-05T17:47:53","date_gmt":"2025-06-05T17:47:53","guid":{"rendered":"https:\/\/morphmatters.com\/wals-new-theme\/?page_id=3326"},"modified":"2025-06-29T16:43:26","modified_gmt":"2025-06-29T16:43:26","slug":"connect-to-someone-in-your-region","status":"publish","type":"page","link":"https:\/\/morphmatters.com\/wals-new-theme\/connect-to-someone-in-your-region\/","title":{"rendered":"Connect to Someone in Your Region"},"content":{"rendered":"\t\t<div data-elementor-type=\"wp-page\" data-elementor-id=\"3326\" class=\"elementor elementor-3326\">\n\t\t\t\t\t\t\t\t\t<section class=\"elementor-section elementor-top-section elementor-element elementor-element-4f64d987 elementor-section-boxed elementor-section-height-default elementor-section-height-default\" data-id=\"4f64d987\" data-element_type=\"section\">\n\t\t\t\t\t\t<div class=\"elementor-container elementor-column-gap-default\">\n\t\t\t\t\t<div class=\"elementor-column elementor-col-100 elementor-top-column elementor-element elementor-element-3e3ed4a5\" data-id=\"3e3ed4a5\" data-element_type=\"column\">\n\t\t\t<div class=\"elementor-widget-wrap elementor-element-populated\">\n\t\t\t\t\t\t\t\t<div class=\"elementor-element elementor-element-2b9b100 elementor-widget elementor-widget-spacer\" data-id=\"2b9b100\" data-element_type=\"widget\" data-widget_type=\"spacer.default\">\n\t\t\t\t<div class=\"elementor-widget-container\">\n\t\t\t<style>\/*! elementor - v3.8.1 - 13-11-2022 *\/\n.elementor-column .elementor-spacer-inner{height:var(--spacer-size)}.e-con{--container-widget-width:100%}.e-con-inner>.elementor-widget-spacer,.e-con>.elementor-widget-spacer{width:var(--container-widget-width,var(--spacer-size));-ms-flex-item-align:stretch;align-self:stretch;-ms-flex-negative:0;flex-shrink:0}.e-con-inner>.elementor-widget-spacer>.elementor-widget-container,.e-con-inner>.elementor-widget-spacer>.elementor-widget-container>.elementor-spacer,.e-con>.elementor-widget-spacer>.elementor-widget-container,.e-con>.elementor-widget-spacer>.elementor-widget-container>.elementor-spacer{height:100%}.e-con-inner>.elementor-widget-spacer>.elementor-widget-container>.elementor-spacer>.elementor-spacer-inner,.e-con>.elementor-widget-spacer>.elementor-widget-container>.elementor-spacer>.elementor-spacer-inner{height:var(--container-widget-height,var(--spacer-size))}<\/style>\t\t<div class=\"elementor-spacer\">\n\t\t\t<div class=\"elementor-spacer-inner\"><\/div>\n\t\t<\/div>\n\t\t\t\t<\/div>\n\t\t\t\t<\/div>\n\t\t\t\t<div class=\"elementor-element elementor-element-27ac823 elementor-widget elementor-widget-heading\" data-id=\"27ac823\" data-element_type=\"widget\" data-widget_type=\"heading.default\">\n\t\t\t\t<div class=\"elementor-widget-container\">\n\t\t\t<style>\/*! elementor - v3.8.1 - 13-11-2022 *\/\n.elementor-heading-title{padding:0;margin:0;line-height:1}.elementor-widget-heading .elementor-heading-title[class*=elementor-size-]>a{color:inherit;font-size:inherit;line-height:inherit}.elementor-widget-heading .elementor-heading-title.elementor-size-small{font-size:15px}.elementor-widget-heading .elementor-heading-title.elementor-size-medium{font-size:19px}.elementor-widget-heading .elementor-heading-title.elementor-size-large{font-size:29px}.elementor-widget-heading .elementor-heading-title.elementor-size-xl{font-size:39px}.elementor-widget-heading .elementor-heading-title.elementor-size-xxl{font-size:59px}<\/style><h3 class=\"elementor-heading-title elementor-size-large\">Connect to Someone in Your Region<\/h3>\t\t<\/div>\n\t\t\t\t<\/div>\n\t\t\t\t<div class=\"elementor-element elementor-element-6a82bba0 elementor-widget elementor-widget-text-editor\" data-id=\"6a82bba0\" data-element_type=\"widget\" data-widget_type=\"text-editor.default\">\n\t\t\t\t<div class=\"elementor-widget-container\">\n\t\t\t<style>\/*! elementor - v3.8.1 - 13-11-2022 *\/\n.elementor-widget-text-editor.elementor-drop-cap-view-stacked .elementor-drop-cap{background-color:#818a91;color:#fff}.elementor-widget-text-editor.elementor-drop-cap-view-framed .elementor-drop-cap{color:#818a91;border:3px solid;background-color:transparent}.elementor-widget-text-editor:not(.elementor-drop-cap-view-default) .elementor-drop-cap{margin-top:8px}.elementor-widget-text-editor:not(.elementor-drop-cap-view-default) .elementor-drop-cap-letter{width:1em;height:1em}.elementor-widget-text-editor .elementor-drop-cap{float:left;text-align:center;line-height:1;font-size:50px}.elementor-widget-text-editor .elementor-drop-cap-letter{display:inline-block}<\/style>\t\t\t\t<!-- wp:table {\"hasFixedLayout\":false} -->\n<figure class=\"wp-block-table\">\n<table>\n<tbody>\n<tr>\n<td>Austria<\/td>\n<td>1.\u00a0<a href=\"https:\/\/www.ph-noe.ac.at\/de\/personen\/claudia-mewald\" target=\"_blank\" rel=\"noreferrer noopener\">Claudia Mewald<\/a>, University of Teacher Education, Lower Austria<\/td>\n<\/tr>\n<tr>\n<td>Australia<\/td>\n<td>2. Wanty Widjaja, School of Education, Deakin University<\/td>\n<\/tr>\n<tr>\n<td>Belgium<\/td>\n<td>3. Steven Mannens, Odisee University of Applied Sciences<\/td>\n<\/tr>\n<tr>\n<td>Brunei<\/td>\n<td>4. Vincent Andrew, Brunei Darussalam Leadership and Teacher Academy<br \/>5. Keith Wood, Sultan Hassanal Bolkiah Institute of Education (SHBIE) \u2013 Universiti Brunei Darussalem<\/td>\n<\/tr>\n<tr>\n<td>China<\/td>\n<td>6. Shuying Li, Shenzhen University<br \/>7. Chen Xiangming, Peking University<\/td>\n<\/tr>\n<tr>\n<td>Columbia<\/td>\n<td>8. John Alba, Universidad de La Sabana<\/td>\n<\/tr>\n<tr>\n<td>Germany<\/td>\n<td>9. Roland Knoblauch<\/td>\n<\/tr>\n<tr>\n<td>Hong Kong<\/td>\n<td>10. Eric Cheng Chi Keung, The Education University of Hong Kong<br \/>11. Ko Po Yuk, The Hong Kong Institute of Education<br \/>12. Ellen Zhang Yuefeng, The Hong Kong Institute of Education<br \/>13. Pang Ming Fai, The University of Hong Kong<\/td>\n<\/tr>\n<tr>\n<td>Hungary<\/td>\n<td>14. J\u00e1nos Gy\u0151ri, E\u00f6tv\u00f6s Lor\u00e1nd University<\/td>\n<\/tr>\n<tr>\n<td>Indonesia<\/td>\n<td>15. Arif Hidayat, Universitas Pendidikan Indonesia<\/td>\n<\/tr>\n<tr>\n<td>Ireland<\/td>\n<td>16. Aoibhinn Ni Shuilleabhain, University College Dublin<\/td>\n<\/tr>\n<tr>\n<td>Italy<\/td>\n<td>17. Carola Manolino, Department of Social and Human Sciences, University of Valle d\u2019Aosta<\/td>\n<\/tr>\n<tr>\n<td>Japan<\/td>\n<td>18.\u00a0<a href=\"http:\/\/manabusato.com\/for_eng\/\" target=\"_blank\" rel=\"noreferrer noopener\">Manabu Sato<\/a>, The University of Tokyo<br \/>19. Hiroyuki Kuno, Chukyo University<br \/>20. Yoshiaki Shibata, Nagoya University<br \/>21. Arani Mhd Reza Sarkar, Nagoya University<br \/>22. Nariakira Yoshida, Hiroshima University<br \/>23. Jongsung Kim, Hiroshima University<br \/>24. Yuta Suzuki, Tokyo Institute of Technology<br \/>25. Yoshiko Kitada, Saitama University<br \/>26. Kanako Kusanagi, Nagoya University<\/td>\n<\/tr>\n<tr>\n<td>Kazakhstan<\/td>\n<td>27. Tavilya Akimova, The Center of Excellence, Aktobe Branch<\/td>\n<\/tr>\n<tr>\n<td>Malaysia<\/td>\n<td>28. Zanaton H Iksan, Universiti Kebangsaan Malaysia<\/td>\n<\/tr>\n<tr>\n<td>Malta<\/td>\n<td>29.\u00a0<a href=\"https:\/\/www.um.edu.mt\/profile\/jamesjcalleja\" target=\"_blank\" rel=\"noreferrer noopener\">James Calleja<\/a>, Faculty of Education, University of Malta<\/td>\n<\/tr>\n<tr>\n<td>Netherlands<\/td>\n<td>30.\u00a0<a href=\"https:\/\/research.vu.nl\/en\/persons\/sl-goei\" target=\"_blank\" rel=\"noreferrer noopener\">Goei Sui Lin<\/a>, Vrije Universiteit Amsterdam<br \/>31. Shirley Tan, Windesheim University of Applied Sciences<\/td>\n<\/tr>\n<tr>\n<td>Norway<\/td>\n<td>32. Anne Mette F\u00e6r\u00f8yvik Karlsen, Western Norway University of Applied Sciences<\/td>\n<\/tr>\n<tr>\n<td>Philippines<\/td>\n<td>33.\u00a0<a href=\"https:\/\/orcid.org\/0000-0001-9493-1065\" target=\"_blank\" rel=\"noreferrer noopener\">Erlina Ronda<\/a>, National Institute for Science and Mathematics Education Development, University of the Philippines<\/td>\n<\/tr>\n<tr>\n<td>Portugal<\/td>\n<td>34. Marisa Quaresma, Instituto de Educa\u00e7\u00e3o, Universidade de Lisboa<\/td>\n<\/tr>\n<tr>\n<td>Singapore<\/td>\n<td>35. Fang Yanping, National Institute of Education, NTU<br \/>36.\u00a0<a href=\"https:\/\/nie.edu.sg\/profile\/lee-kim-eng-christine\" target=\"_blank\" rel=\"noreferrer noopener\">Christine Lee Kim Eng<\/a>, National Institute of Education, NTU<br \/>37. Jiang Heng, National Institute of Education, NTU<br \/>38. Choy Ban Heng , National Institute of Education, NTU<br \/>39. Yeap Ban Har, Pathlight School<\/td>\n<\/tr>\n<tr>\n<td>South Africa<\/td>\n<td>40. David Sekao, University of Pretoria<\/td>\n<\/tr>\n<tr>\n<td>Spain<\/td>\n<td>41. Encarnaci\u00f3n Soto-G\u00f3mez, Faculty of Education in Malaga University<\/td>\n<\/tr>\n<tr>\n<td>Sweden<\/td>\n<td>42.\u00a0<a href=\"https:\/\/www.gu.se\/en\/about\/find-staff\/angelikakullberg\" target=\"_blank\" rel=\"noreferrer noopener\">Kullberg Angelika<\/a>, University of Gothenburg<\/td>\n<\/tr>\n<tr>\n<td>Switzerland<\/td>\n<td>43.\u00a0<a href=\"http:\/\/www.hepl.ch\/accueil\/formation\/unites-enseignement-et-recherche\/did-mathematiques-sciences-nat\/equipe-et-contacts\/stephane-clivaz.html\" target=\"_blank\" rel=\"noreferrer noopener\">St\u00e9phane Clivaz<\/a>, Lausanne University of Teacher Education<\/td>\n<\/tr>\n<tr>\n<td>Thailand<\/td>\n<td>44. Maitree Imprasitha, Khon Kaen University<br \/>45. Narumon Changsri, Khon Kaen University<\/td>\n<\/tr>\n<tr>\n<td>United Kingdom<\/td>\n<td>46. Vicky Christoforatou, University of East Anglia<br \/>47. Peter Dudley, Faculty of Education, University of Cambridge<br \/>48. Jean Lang, Graduate School of Education, University of Exeter<br \/>49. John Mynott, Head of Initial Teacher Education, University of Aberdeen<\/td>\n<\/tr>\n<tr>\n<td>United States<\/td>\n<td>50.\u00a0<a href=\"https:\/\/education.depaul.edu\/faculty-and-staff\/faculty\/Pages\/akihiko-takahashi.aspx\" target=\"_blank\" rel=\"noreferrer noopener\">Akihiko Takahashi<\/a>, College of Education, DePaul University<br \/>51. Lynn Webster Paine, Michigan State University<br \/>52. Catherine Lewis, Mills College<br \/>53. Dotger Sharon, Syracuse University<br \/>54. Huang Rongjin, Middle Tennessee State University<br \/>55. Joan Easterday, CANMEE Steering Committee<br \/>56. Gabriel Matney, Bowling Green State University<\/td>\n<\/tr>\n<\/tbody>\n<\/table>\n<\/figure>\n<!-- \/wp:table --><!-- wp:paragraph -->\n<p>For regions not listed, please contact WALS using this form.<\/p>\n<!-- \/wp:paragraph --><!-- wp:shortcode -->\n<p>\n<div class=\"wpcf7 no-js\" id=\"wpcf7-f3820-o1\" lang=\"en-US\" dir=\"ltr\" data-wpcf7-id=\"3820\">\n<div class=\"screen-reader-response\"><p role=\"status\" aria-live=\"polite\" aria-atomic=\"true\"><\/p> <ul><\/ul><\/div>\n<form action=\"\/wals-new-theme\/wp-json\/wp\/v2\/pages\/3326#wpcf7-f3820-o1\" method=\"post\" class=\"wpcf7-form init\" aria-label=\"Contact form\" novalidate=\"novalidate\" data-status=\"init\">\n<div style=\"display: none;\">\n<input type=\"hidden\" name=\"_wpcf7\" value=\"3820\" \/>\n<input type=\"hidden\" name=\"_wpcf7_version\" value=\"6.0.6\" \/>\n<input type=\"hidden\" name=\"_wpcf7_locale\" value=\"en_US\" \/>\n<input type=\"hidden\" name=\"_wpcf7_unit_tag\" value=\"wpcf7-f3820-o1\" \/>\n<input type=\"hidden\" name=\"_wpcf7_container_post\" value=\"0\" \/>\n<input type=\"hidden\" name=\"_wpcf7_posted_data_hash\" value=\"\" \/>\n<\/div>\n<p><label> Your name<br \/>\n<span class=\"wpcf7-form-control-wrap\" data-name=\"your-name\"><input size=\"40\" maxlength=\"400\" class=\"wpcf7-form-control wpcf7-text wpcf7-validates-as-required\" autocomplete=\"name\" aria-required=\"true\" aria-invalid=\"false\" value=\"\" type=\"text\" name=\"your-name\" \/><\/span> <\/label>\n<\/p>\n<p><label> Your email<br \/>\n<span class=\"wpcf7-form-control-wrap\" data-name=\"your-email\"><input size=\"40\" maxlength=\"400\" class=\"wpcf7-form-control wpcf7-email wpcf7-validates-as-required wpcf7-text wpcf7-validates-as-email\" autocomplete=\"email\" aria-required=\"true\" aria-invalid=\"false\" value=\"\" type=\"email\" name=\"your-email\" \/><\/span> <\/label>\n<\/p>\n<p><label> Country, City<br \/>\n<span class=\"wpcf7-form-control-wrap\" data-name=\"your-subject\"><input size=\"40\" maxlength=\"400\" class=\"wpcf7-form-control wpcf7-text wpcf7-validates-as-required\" aria-required=\"true\" aria-invalid=\"false\" value=\"\" type=\"text\" name=\"your-subject\" \/><\/span> <\/label>\n<\/p>\n<p><label> Say a few words about how you would like to use lesson study (for example, for a particular subject matter, level of schooling, purpose?)<br \/>\n<span class=\"wpcf7-form-control-wrap\" data-name=\"your-message\"><textarea cols=\"40\" rows=\"10\" maxlength=\"2000\" class=\"wpcf7-form-control wpcf7-textarea\" aria-invalid=\"false\" name=\"your-message\"><\/textarea><\/span> <\/label>\n<\/p>\n<p><input class=\"wpcf7-form-control wpcf7-submit has-spinner\" type=\"submit\" value=\"Submit\" \/>\n<\/p><div class=\"wpcf7-response-output\" aria-hidden=\"true\"><\/div>\n<\/form>\n<\/div>\n<\/p>\n<!-- \/wp:shortcode -->\t\t\t\t\t\t<\/div>\n\t\t\t\t<\/div>\n\t\t\t\t\t<\/div>\n\t\t<\/div>\n\t\t\t\t\t\t\t<\/div>\n\t\t<\/section>\n\t\t\t\t\t\t\t<\/div>\n\t\t","protected":false},"excerpt":{"rendered":"<p>Connect to Someone in Your Region Austria 1.\u00a0Claudia Mewald, University of Teacher Education, Lower Austria Australia 2. Wanty Widjaja, School of Education, Deakin University Belgium 3. Steven Mannens, Odisee University of Applied Sciences Brunei 4. Vincent Andrew, Brunei Darussalam Leadership and Teacher Academy5. Keith Wood, Sultan Hassanal Bolkiah Institute of Education (SHBIE) \u2013 Universiti Brunei Darussalem China 6. Shuying Li,&#8230;<\/p>\n","protected":false},"author":1,"featured_media":0,"parent":0,"menu_order":0,"comment_status":"closed","ping_status":"open","template":"elementor_header_footer","meta":{"footnotes":""},"class_list":["post-3326","page","type-page","status-publish","hentry"],"publishpress_future_action":{"enabled":false,"date":"2026-04-20 13:40:46","action":"change-status","newStatus":"draft","terms":[],"taxonomy":""},"publishpress_future_workflow_manual_trigger":{"enabledWorkflows":[]},"_links":{"self":[{"href":"https:\/\/morphmatters.com\/wals-new-theme\/wp-json\/wp\/v2\/pages\/3326","targetHints":{"allow":["GET"]}}],"collection":[{"href":"https:\/\/morphmatters.com\/wals-new-theme\/wp-json\/wp\/v2\/pages"}],"about":[{"href":"https:\/\/morphmatters.com\/wals-new-theme\/wp-json\/wp\/v2\/types\/page"}],"author":[{"embeddable":true,"href":"https:\/\/morphmatters.com\/wals-new-theme\/wp-json\/wp\/v2\/users\/1"}],"replies":[{"embeddable":true,"href":"https:\/\/morphmatters.com\/wals-new-theme\/wp-json\/wp\/v2\/comments?post=3326"}],"version-history":[{"count":20,"href":"https:\/\/morphmatters.com\/wals-new-theme\/wp-json\/wp\/v2\/pages\/3326\/revisions"}],"predecessor-version":[{"id":3870,"href":"https:\/\/morphmatters.com\/wals-new-theme\/wp-json\/wp\/v2\/pages\/3326\/revisions\/3870"}],"wp:attachment":[{"href":"https:\/\/morphmatters.com\/wals-new-theme\/wp-json\/wp\/v2\/media?parent=3326"}],"curies":[{"name":"wp","href":"https:\/\/api.w.org\/{rel}","templated":true}]}}